{"id":950,"date":"2016-07-15T14:19:20","date_gmt":"2016-07-15T14:19:20","guid":{"rendered":"http:\/\/test.kriesi.at\/enfold-medical\/?page_id=950"},"modified":"2023-10-10T08:57:14","modified_gmt":"2023-10-10T08:57:14","slug":"about","status":"publish","type":"page","link":"https:\/\/praxis-eitel.de\/?page_id=950","title":{"rendered":"Impressum"},"content":{"rendered":"<div id='av_section_1'  class='avia-section av-3rjirq-8e7743ef5deaacd50cb9a2b8659a06cc main_color avia-section-huge avia-no-border-styling  avia-builder-el-0  avia-builder-el-no-sibling  avia-bg-style-scroll container_wrap sidebar_right'  ><div class='container av-section-cont-open' ><main  role=\"main\" itemprop=\"mainContentOfPage\"  class='template-page content  av-content-small alpha units'><div class='post-entry post-entry-type-page post-entry-950'><div class='entry-content-wrapper clearfix'>\n\n<style type=\"text\/css\" data-created_by=\"avia_inline_auto\" id=\"style-css-av-34dlxq-fbaae9ab72551aa4fe012891939f9052\">\n.flex_column.av-34dlxq-fbaae9ab72551aa4fe012891939f9052{\n-webkit-border-radius:0px 0px 0px 0px;\n-moz-border-radius:0px 0px 0px 0px;\nborder-radius:0px 0px 0px 0px;\npadding:0px 0px 0px 0px;\n}\n<\/style>\n<div class='flex_column av-34dlxq-fbaae9ab72551aa4fe012891939f9052 av_one_full  avia-builder-el-1  avia-builder-el-no-sibling  first flex_column_div av-animated-generic bottom-to-top av-zero-column-padding '     ><p>\n<style type=\"text\/css\" data-created_by=\"avia_inline_auto\" id=\"style-css-av-2x33bi-51fa6464cf038109539175b52565e0b0\">\n#top .av-special-heading.av-2x33bi-51fa6464cf038109539175b52565e0b0{\npadding-bottom:20px;\n}\nbody .av-special-heading.av-2x33bi-51fa6464cf038109539175b52565e0b0 .av-special-heading-tag .heading-char{\nfont-size:25px;\n}\n#top #wrap_all .av-special-heading.av-2x33bi-51fa6464cf038109539175b52565e0b0 .av-special-heading-tag{\nfont-size:34px;\n}\n.av-special-heading.av-2x33bi-51fa6464cf038109539175b52565e0b0 .av-subheading{\nfont-size:15px;\n}\n<\/style>\n<div  class='av-special-heading av-2x33bi-51fa6464cf038109539175b52565e0b0 av-special-heading-h3  avia-builder-el-2  el_before_av_textblock  avia-builder-el-first '><h3 class='av-special-heading-tag'  itemprop=\"headline\"  >Impressum<\/h3><div class=\"special-heading-border\"><div class=\"special-heading-inner-border\"><\/div><\/div><\/div><br \/>\n<section  class='av_textblock_section av-2rsahq-f5ec466fc012a50e5988edbce67b9c99'  itemscope=\"itemscope\" itemtype=\"https:\/\/schema.org\/CreativeWork\" ><div class='avia_textblock'  itemprop=\"text\" ><p><strong>Angaben gem\u00e4\u00df \u00a7 5 TMG:<\/strong><br \/>\nDr. med. J\u00fcrgen Eitel<br \/>\nHoldereggenstra\u00dfe 1<br \/>\nD-88131 Lindau am Bodensee<\/p>\n<p><strong>Kontakt:<br \/>\n<\/strong>Email:\u00a0<span id=\"cloakeb1f297df724418e5107d4f5dd8510d6\"><a href=\"mailto:anmeldung@praxis-eitel.de\">anmeldung@praxis-eitel.de<\/a><\/span><br \/>\nInternet:\u00a0<a href=\"http:\/\/www.praxis-eitel.de\/\">http:\/\/www.praxis-eitel.de<\/a><\/p>\n<p><strong>Gesetzliche Berufsbezeichnung:<\/strong><br \/>\nArzt (verliehen in der Bundesrepublik Deutschland)<\/p>\n<p><strong>Zust\u00e4ndige \u00c4rztekammer:<\/strong><br \/>\nBayerische Landes\u00e4rztekammer<br \/>\nM\u00fchlbaurstr. 16, D-81677 M\u00fcnchen<br \/>\nTelefon: +49 (0) 89 4147-0<br \/>\nFax: +49 (0) 89 4147-280<br \/>\nE-Mail:\u00a0<span id=\"cloak8d3e65751308734f9027fbf68ac0ae12\"><a href=\"mailto:info@blaek.de\">info@blaek.de<\/a><\/span><br \/>\nInternet:\u00a0<a href=\"http:\/\/www.blaek.de\/\">http:\/\/www.blaek.de<\/a><\/p>\n<p><strong>Zust\u00e4ndige Aufsichtsbeh\u00f6rde:<br \/>\n<\/strong>Kassen\u00e4rztliche Vereinigung Bayerns<br \/>\nElsenheimerstra\u00dfe 39, D-80687 M\u00fcnchen<br \/>\nTelefon: +49 (0) 89 57093-0<br \/>\nFax: +49 (0) 89 57093-61930<br \/>\nEmail:\u00a0<span id=\"cloakb3fb1cd503465251b417a093b44fc8d3\"><a href=\"mailto:info@kvb.de\">info@kvb.de<\/a><\/span><br \/>\nInternet:\u00a0<a href=\"http:\/\/www.kvb.de\/\">http:\/\/www.kvb.de<\/a><\/p>\n<p><strong>Berufsordnung:<br \/>\n<\/strong>Berufsrechtlichen Regelungen sind \u00fcber die Internetseiten der Bayerischen Landes\u00e4rztekammer zug\u00e4nglich:\u00a0<a href=\"http:\/\/www.blaek.de\/\">http:\/\/www.blaek.de<\/a><\/p>\n<p><strong>Erg\u00e4nzender Hinweis im Rahmen der &#8222;Dienstleistungs-Informationspflichten-Verordnung&#8220;:<br \/>\n<\/strong>Es besteht f\u00fcr den r\u00e4umlichen Bereich der Bundesrepublik Deutschland eine Berufshaftpflichtversicherung bei &#8211; Alte Leipziger Versicherung.<\/p>\n<p><strong>Urheberrecht:<br \/>\n<\/strong>Alle Rechte und inhaltliche Verantwortung an Textinhalten liegen bei Dr. med. J\u00fcrgen Eitel, Lindau &#8211; Bodensee. Die Verwendung von Texten oder Textausschnitten in jeglicher Form bed\u00fcrfen einer Erlaubnis des Verfassers. Alle Nutzungsrechte an Bildmaterial liegen bei Dr. med. J\u00fcrgen Eitel, Lindau &#8211; Bodensee. Die Verwendung von Bildern oder Bildausschnitten in jeglicher Form bed\u00fcrfen einer Erlaubnis der Urheber.<\/p>\n<p><strong>Haftungshinweis:<\/strong><br \/>\nTrotz sorgf\u00e4ltiger inhaltlicher Kontrolle \u00fcbernehmen wir keine Haftung f\u00fcr die Inhalte externer Links. F\u00fcr den Inhalt der verlinkten Seiten sind ausschlie\u00dflich deren Betreiber verantwortlich. Der Anbieter \u00fcbernimmt auch keine Haftung f\u00fcr die Richtigkeit, Vollst\u00e4ndigkeit und Aktualit\u00e4t der bereitgestellten Informationen. Alle auf dieser Website genannten Personen widersprechen hiermit jeder kommerziellen Verwendung und Weitergabe ihrer Daten.<\/p>\n<p><strong>Redaktuell verantwortlich:<\/strong><br \/>\nDr. med. J\u00fcrgen Eitel<br \/>\nHoldereggenstra\u00dfe 1<br \/>\nD-88131 Lindau am Bodensee<\/p>\n<\/div><\/section><\/p><\/div><\/div><\/div><\/main><!-- close content main element --><\/div><\/div><div id='after_section_1'  class='main_color av_default_container_wrap container_wrap sidebar_right'  ><div class='container av-section-cont-open' ><div class='template-page content  av-content-small alpha units'><div class='post-entry post-entry-type-page post-entry-950'><div class='entry-content-wrapper clearfix'>\n","protected":false},"excerpt":{"rendered":"","protected":false},"author":2,"featured_media":0,"parent":957,"menu_order":0,"comment_status":"closed","ping_status":"closed","template":"","meta":{"footnotes":""},"class_list":["post-950","page","type-page","status-publish","hentry"],"_links":{"self":[{"href":"https:\/\/praxis-eitel.de\/index.php?rest_route=\/wp\/v2\/pages\/950","targetHints":{"allow":["GET"]}}],"collection":[{"href":"https:\/\/praxis-eitel.de\/index.php?rest_route=\/wp\/v2\/pages"}],"about":[{"href":"https:\/\/praxis-eitel.de\/index.php?rest_route=\/wp\/v2\/types\/page"}],"author":[{"embeddable":true,"href":"https:\/\/praxis-eitel.de\/index.php?rest_route=\/wp\/v2\/users\/2"}],"replies":[{"embeddable":true,"href":"https:\/\/praxis-eitel.de\/index.php?rest_route=%2Fwp%2Fv2%2Fcomments&post=950"}],"version-history":[{"count":7,"href":"https:\/\/praxis-eitel.de\/index.php?rest_route=\/wp\/v2\/pages\/950\/revisions"}],"predecessor-version":[{"id":1437,"href":"https:\/\/praxis-eitel.de\/index.php?rest_route=\/wp\/v2\/pages\/950\/revisions\/1437"}],"up":[{"embeddable":true,"href":"https:\/\/praxis-eitel.de\/index.php?rest_route=\/wp\/v2\/pages\/957"}],"wp:attachment":[{"href":"https:\/\/praxis-eitel.de\/index.php?rest_route=%2Fwp%2Fv2%2Fmedia&parent=950"}],"curies":[{"name":"wp","href":"https:\/\/api.w.org\/{rel}","templated":true}]}}